{"id":2773,"date":"2019-10-16T10:21:04","date_gmt":"2019-10-16T10:21:04","guid":{"rendered":"https:\/\/www.kopare-development.nl\/algemene-voorwaarden\/"},"modified":"2022-12-05T12:18:43","modified_gmt":"2022-12-05T12:18:43","slug":"allgemeine-geschaeftsbedingungen","status":"publish","type":"page","link":"https:\/\/www.kopare-development.nl\/de\/allgemeine-geschaeftsbedingungen\/","title":{"rendered":"Allgemeine gesch\u00e4ftsbedingungen"},"content":{"rendered":"\r\n<h1 class=\"wp-block-heading\">Kopare BV<\/h1>\r\n\r\n\r\n\r\n<h3 class=\"wp-block-heading\">\u00a0<\/h3>\r\n\r\n\r\n\r\n<h3 class=\"alineaspace wp-block-heading\"><u>Allgemeine gesch\u00e4ftsbedingungen KOPARE \u00a0B.V. <\/u><\/h3>\r\n\r\n\r\n\r\n<h3 class=\"wp-block-heading\">\u00a0<\/h3>\r\n\r\n\r\n\r\n<h3 class=\"wp-block-heading\"><strong>Artikel 1 Definitionen<\/strong><\/h3>\r\n\r\n\r\n\r\n<p class=\"alineaspace\">1.1. Vertrag: jeder Auftragsvertrag oder jeder andere Vertrag, den wir mit einem Auftraggeber schlie\u00dfen, sowie alle sich daraus ergebenden oder damit verbundenen Vereinbarungen und\/oder Verpflichtungen;<br \/>1.2. Angebot: jedes Angebot, das wir einem (potenziellen) Auftraggeber machen;<br \/>1.3. Wir: Kopare B.V.<br \/>1.4. Auftraggeber: jeder, der mit uns einen Vertrag im Sinne von Absatz 1.1. schlie\u00dft oder von uns ein Angebot im Sinne von Absatz 1.2. erh\u00e4lt.<br \/>1.5. Tage: alle Kalendertage<\/p>\r\n\r\n\r\n\r\n<h3 class=\"wp-block-heading\"><strong>Artikel 2 Der Auftrag<\/strong><\/h3>\r\n\r\n\r\n\r\n<p class=\"alineaspace\">2.1. Diese Allgemeinen Gesch\u00e4ftsbedingungen gelten f\u00fcr alle Vertr\u00e4ge, die wir schlie\u00dfen. Dar\u00fcber hinaus gelten die Allgemeinen Gesch\u00e4ftsbedingungen f\u00fcr alle Angebote, die wir unterbreiten, sowie f\u00fcr die Verhandlungen, die wir im Vorfeld eines Angebots f\u00fchren.<br \/>2.2. Andere Allgemeine Gesch\u00e4ftsbedingungen, wie die des Auftraggebers, finden auf Vertr\u00e4ge mit uns und Angebote von uns, unabh\u00e4ngig vom Zeitpunkt der Bezugnahme, keine Anwendung, es sei denn, wir haben uns gegen\u00fcber dem Auftraggeber ausdr\u00fccklich und schriftlich mit der Anwendbarkeit dieser anderen Allgemeinen Gesch\u00e4ftsbedingungen einverstanden erkl\u00e4rt. Diese Erkl\u00e4rung impliziert niemals, dass die Bedingungen des Auftraggebers auch f\u00fcr andere Vertr\u00e4ge zwischen uns und dem Auftraggeber gelten.<br \/>2.3. Bestimmungen aus diesen Allgemeinen Gesch\u00e4ftsbedingungen gelten nicht, wenn und insoweit ihnen zwingende gesetzliche Vorschriften entgegenstehen. Sollte eine Bestimmung aus diesem Grund nichtig oder anfechtbar sein, so gilt die f\u00fcr uns g\u00fcnstigste Regelung, und alle anderen Bestimmungen dieser Allgemeinen Gesch\u00e4ftsbedingungen bleiben in vollem Umfang in Kraft.<br \/>2.4. Von den Allgemeinen Gesch\u00e4ftsbedingungen kann im \u00dcbrigen nur durch eine von beiden Parteien unterzeichnete schriftliche Erkl\u00e4rung abgewichen werden.<br \/>2.5. Alle Auftr\u00e4ge werden, unter Hinwegsetzung \u00fcber die Artikel 7:404 und 7:407 Absatz 2 des niederl\u00e4ndischen B\u00fcrgerlichen Gesetzbuchs, ausschlie\u00dflich von uns angenommen und ausgef\u00fchrt.<\/p>\r\n\r\n\r\n\r\n<h3 class=\"wp-block-heading\"><strong>Artikel 3 Bereitstellung von Informationen<\/strong><\/h3>\r\n\r\n\r\n\r\n<p class=\"alineaspace\">3.1. Auf unsere Aufforderung hin ist der Auftraggeber verpflichtet, uns alle Informationen, die er f\u00fcr die korrekte Ausf\u00fchrung des Auftrags f\u00fcr notwendig oder n\u00fctzlich erachtet, rechtzeitig in der von uns angegebenen Form und Weise zur Verf\u00fcgung zu stellen.<br \/>3.2. Der Auftraggeber ist dar\u00fcber hinaus verpflichtet, uns von sich aus alle Informationen zur Verf\u00fcgung zu stellen, von denen er wei\u00df oder vern\u00fcnftigerweise wissen sollte, dass sie f\u00fcr die korrekte Ausf\u00fchrung des Auftrags notwendig oder n\u00fctzlich sind.<br \/>3.3. Der Auftraggeber garantiert die Richtigkeit, Vollst\u00e4ndigkeit und Zuverl\u00e4ssigkeit der uns zur Verf\u00fcgung gestellten Informationen, auch wenn diese von Dritten stammen. Wir sind nicht verpflichtet, diese Daten selbstst\u00e4ndig zu \u00fcberpr\u00fcfen. Der Auftraggeber stellt uns von allen Anspr\u00fcchen frei, die sich m\u00f6glicherweise aus der Erteilung unrichtiger, unvollst\u00e4ndiger und unzuverl\u00e4ssiger Informationen ergeben.<br \/>3.4. Verz\u00f6gert sich die Ausf\u00fchrung des Auftrags, weil der Auftraggeber seinen in den Abs\u00e4tzen 1 und 2 genannten Verpflichtungen nicht nachkommt oder die vom Auftraggeber zur Verf\u00fcgung gestellten Informationen nicht den Bestimmungen des Absatzes 3 entsprechen, so gehen die dadurch entstehenden Mehrkosten zu Lasten des Auftraggebers und sind wir berechtigt, dem Auftraggeber ein zus\u00e4tzliches Honorar f\u00fcr den dadurch bedingten Mehraufwand in Rechnung zu stellen.<br \/>3.5. Ohne unsere vorherige schriftliche Zustimmung darf der Auftraggeber die von uns erstellten Unterlagen, einschlie\u00dflich Erkl\u00e4rungen und Beratungen, nicht an Dritte weitergeben. Wir behalten uns die Rechte am geistigen Eigentum, einschlie\u00dflich des Urheberrechts, an diesen Dokumenten vor.<br \/>3.6. Dem Auftraggeber ist es nicht gestattet, unsere Produkte, einschlie\u00dflich Softwareprogrammen, Arbeitsmethoden, Vertr\u00e4gen und anderen geistigen Produkten, zu vervielf\u00e4ltigen, zu verbreiten und zu nutzen, auch nicht \u00fcber Dritte, alles im weitesten Sinne des Wortes, es sei denn, wir haben unsere ausdr\u00fcckliche schriftliche Zustimmung erteilt.<\/p>\r\n\r\n\r\n\r\n<h3 class=\"wp-block-heading\"><strong>Artikel 4 Haftung<\/strong><\/h3>\r\n\r\n\r\n\r\n<p class=\"alineaspace\">4.1. Wir werden unseren Auftrag nach bestem Wissen und Gewissen und als sorgf\u00e4ltig handelnde Berufsaus\u00fcbende ausf\u00fchren. Wir gehen ausdr\u00fccklich keine Ergebnisverpflichtung ein, sondern nur eine Verpflichtung bestm\u00f6glichen Bem\u00fchens.<br \/>4.2. Wir haften nur, wenn der Auftraggeber nachweist, dass er einen Schaden erlitten hat, der auf Vorsatz, grober Fahrl\u00e4ssigkeit oder einem gravierenden Fehler unsererseits beruht und der bei Anwendung der gebotenen Sorgfalt vermieden worden w\u00e4re.<br \/>4.3. Jegliche Haftung unsererseits, unserer Gesch\u00e4ftsf\u00fchrer, unserer Mitarbeiter und den von uns eventuell eingeschalteten Dritten ist auf den Betrag begrenzt, der h\u00f6chstens dem doppelten Rechnungswert des Auftrags entspricht, bzw., wenn wir versichert sind, auf den Betrag, der von unserer Versicherung gegebenenfalls ausgezahlt wird, zuz\u00fcglich der Selbstbeteiligung.<\/p>\r\n\r\n\r\n\r\n<h3 class=\"wp-block-heading\"><strong>Artikel 5 Schutz<\/strong><\/h3>\r\n\r\n\r\n\r\n<p class=\"alineaspace\">Der Auftraggeber stellt uns von Anspr\u00fcchen Dritter frei, die behaupten, durch unsere oder aufgrund unserer Arbeit f\u00fcr den Auftraggeber und unsere Beratung des Auftraggebers einen Schaden erlitten zu haben.<\/p>\r\n\r\n\r\n\r\n<h3 class=\"wp-block-heading\"><strong>Artikel 6 Rechnungen<\/strong><\/h3>\r\n\r\n\r\n\r\n<p class=\"alineaspace\">6.1. Die Zahlung unserer Rechnungen hat innerhalb der angegebenen Zahlungsfrist ohne Verrechnung und\/oder Skontoabzug auf das von uns angegebene Bankkonto zu erfolgen.<br \/>6.2. Der vom Auftraggeber zu zahlende Rechnungsbetrag h\u00e4ngt nicht vom Ergebnis der von uns durchgef\u00fchrten Arbeiten ab.<br \/>6.3. Gerichtliche und au\u00dfergerichtliche Kosten im Zusammenhang mit der Einziehung von Rechnungen oder andere Sch\u00e4den, die uns durch die Handlungen oder Unterlassungen des Auftraggebers entstehen, gehen zu Lasten des Auftraggebers.<br \/>6.4. In diesem Fall schuldet der Auftraggeber mindestens 15 % des geforderten Betrags an au\u00dfergerichtlichen Kosten, mindestens jedoch 150 \u20ac.<br \/>6.5. Zahlungen werden, sofern wir nichts anderes angeben, immer zuerst zur Begleichung der f\u00e4lligen Kosten, dann zur Begleichung der Zinsen und anschlie\u00dfend zur Begleichung der ausstehenden Rechnungen in der Reihenfolge ihres Alters verwendet, auch wenn der Auftraggeber angibt, dass sich seine Zahlung auf andere Rechnungen und\/oder Schulden bezieht.<\/p>\r\n\r\n\r\n\r\n<h3 class=\"wp-block-heading\"><strong>Artikel 7 Elektronischer Datenverkehr<\/strong><\/h3>\r\n\r\n\r\n\r\n<p>Wir k\u00f6nnen mit dem Auftraggeber und Dritten, wie z. B. den Steuerbeh\u00f6rden, mittels elektronischem Datenverkehr (Internet, E-Mail usw.) kommunizieren und Dateien \u00fcbermitteln. Dem Auftraggeber ist bekannt, dass die Nutzung des elektronischen Datenverkehrs Risiken birgt, wie z. B. \u2013 aber nicht nur \u2013 Verzerrung, Verz\u00f6gerung, Abfangen und Viren. Wir haften nicht f\u00fcr Sch\u00e4den, die durch die Nutzung des elektronischen Datenverkehrs entstehen k\u00f6nnen. Bei Zweifel \u00fcber den Inhalt oder die \u00dcbermittlung sind die Dateien in unseren Computersystemen ma\u00dfgeblich.<\/p>\r\n\r\n\r\n\r\n<h3 class=\"wp-block-heading\"><strong>Artikel 8 H\u00f6here gGewalt<\/strong><\/h3>\r\n\r\n\r\n\r\n<p class=\"alineaspace\">8.1. Unter h\u00f6herer Gewalt werden in diesen Allgemeinen Gesch\u00e4ftsbedingungen Umst\u00e4nde verstanden, die sich unserer Kontrolle und unserem Risikobereich entziehen und durch die wir vor\u00fcbergehend oder dauerhaft an der Erf\u00fcllung unserer Verpflichtungen gehindert werden. Zu diesen Umst\u00e4nden geh\u00f6ren auf jeden Fall: Krieg, Kriegsgefahr, Unruhen, Gewaltt\u00e4tigkeiten, Brand, Streik, Blockaden, Computerausfall, Krankheit des Personals.<br \/>8.2. Wenn wir aufgrund dauerhafter h\u00f6herer Gewalt nicht in der Lage sind, unsere Verpflichtungen zu erf\u00fcllen, sind wir berechtigt, den Vertrag innerhalb einer angemessenen Frist durch schriftliche Erkl\u00e4rung ganz oder teilweise aufzul\u00f6sen, ohne dass wir dem Auftraggeber gegen\u00fcber zu irgendeinem Schadenersatz \u2013 einschlie\u00dflich der Erstattung genossener Vorteile &#8211; verpflichtet sind.<br \/>8.3. Wenn wir durch vor\u00fcbergehende h\u00f6here Gewalt vor\u00fcbergehend an der Erf\u00fcllung unserer Verpflichtungen gehindert werden, sind wir berechtigt, die Ausf\u00fchrung des Vertrages f\u00fcr die Dauer der Verhinderung auszusetzen, ohne dass wir dem Auftraggeber gegen\u00fcber zu irgendeinem Schadenersatz &#8211; einschlie\u00dflich der Erstattung genossener Vorteile &#8211; verpflichtet sind.<\/p>\r\n\r\n\r\n\r\n<h3 class=\"wp-block-heading\"><strong>Artikel 9 Sonstige Bestimmungen<\/strong><\/h3>\r\n\r\n\r\n\r\n<p class=\"alineaspace\">9.1. Abweichungen von diesen Allgemeinen Gesch\u00e4ftsbedingungen gelten nur, wenn sie zwischen uns und dem Auftraggeber schriftlich vereinbart wurden.<br \/>9.2. Das Rechtsverh\u00e4ltnis zwischen uns und dem Auftraggeber unterliegt niederl\u00e4ndischem Recht.<br \/>9.3. Streitigkeiten werden ausschlie\u00dflich vom zust\u00e4ndigen Gericht im Bezirk Middelburg geschlichtet.<br \/>9.4. Alle Anspr\u00fcche und sonstigen Befugnisse des Auftraggebers uns gegen\u00fcber, aus welchem Grund auch immer, im Zusammenhang mit den von uns ausgef\u00fchrten Arbeiten erl\u00f6schen in jedem Fall nach einem Jahr ab dem Zeitpunkt, an dem der Auftraggeber von der Existenz dieser Rechte und Befugnisse Kenntnis erlangt hat oder vern\u00fcnftigerweise h\u00e4tte erlangen k\u00f6nnen.<br \/>9.5. Diese Allgemeinen Bedingungen sind in niederl\u00e4ndischer Sprache abgefasst.<br \/>9.6 Der vorliegende deutsche Text der Allgemeinen Gesch\u00e4ftsbedingungen ist eine \u00dcbersetzung. Die niederl\u00e4ndische Fassung dieser Allgemeinen Gesch\u00e4ftsbedingungen stellt die authentische Fassung dar. Im Falle eines Bedeutungsunterschieds zwischen der niederl\u00e4ndischen und deutschen Fassung bei Erkl\u00e4rung oder Interpretation gilt die niederl\u00e4ndische Fassung<\/p>\r\n","protected":false},"excerpt":{"rendered":"<p>Kopare BV \u00a0 Allgemeine gesch\u00e4ftsbedingungen KOPARE \u00a0B.V. \u00a0 Artikel 1 Definitionen 1.1. Vertrag: jeder Auftragsvertrag oder jeder andere Vertrag, den wir mit einem Auftraggeber schlie\u00dfen, sowie alle sich daraus ergebenden oder damit verbundenen Vereinbarungen und\/oder Verpflichtungen;1.2. Angebot: jedes Angebot, das wir einem (potenziellen) Auftraggeber machen;1.3&#8230;.<\/p>\n","protected":false},"author":1,"featured_media":0,"parent":0,"menu_order":0,"comment_status":"closed","ping_status":"closed","template":"","meta":{"footnotes":""},"class_list":["post-2773","page","type-page","status-publish","hentry"],"yoast_head":"<!-- This site is optimized with the Yoast SEO plugin v27.2 - https:\/\/yoast.com\/product\/yoast-seo-wordpress\/ -->\n<title>Allgemeine gesch\u00e4ftsbedingungen - KOPARE Development<\/title>\n<meta name=\"robots\" content=\"index, follow, max-snippet:-1, max-image-preview:large, max-video-preview:-1\" \/>\n<link rel=\"canonical\" href=\"https:\/\/www.kopare-development.nl\/de\/allgemeine-geschaeftsbedingungen\/\" \/>\n<meta property=\"og:locale\" content=\"de_DE\" \/>\n<meta property=\"og:type\" content=\"article\" \/>\n<meta property=\"og:title\" content=\"Allgemeine gesch\u00e4ftsbedingungen - KOPARE Development\" \/>\n<meta property=\"og:description\" content=\"Kopare BV \u00a0 Allgemeine gesch\u00e4ftsbedingungen KOPARE \u00a0B.V. \u00a0 Artikel 1 Definitionen 1.1. Vertrag: jeder Auftragsvertrag oder jeder andere Vertrag, den wir mit einem Auftraggeber schlie\u00dfen, sowie alle sich daraus ergebenden oder damit verbundenen Vereinbarungen und\/oder Verpflichtungen;1.2. Angebot: jedes Angebot, das wir einem (potenziellen) Auftraggeber machen;1.3....\" \/>\n<meta property=\"og:url\" content=\"https:\/\/www.kopare-development.nl\/de\/allgemeine-geschaeftsbedingungen\/\" \/>\n<meta property=\"og:site_name\" content=\"KOPARE Development\" \/>\n<meta property=\"article:modified_time\" content=\"2022-12-05T12:18:43+00:00\" \/>\n<meta name=\"twitter:card\" content=\"summary_large_image\" \/>\n<meta name=\"twitter:label1\" content=\"Gesch\u00e4tzte Lesezeit\" \/>\n\t<meta name=\"twitter:data1\" content=\"6\u00a0Minuten\" \/>\n<script type=\"application\/ld+json\" class=\"yoast-schema-graph\">{\"@context\":\"https:\/\/schema.org\",\"@graph\":[{\"@type\":\"WebPage\",\"@id\":\"https:\/\/www.kopare-development.nl\/de\/allgemeine-geschaeftsbedingungen\/\",\"url\":\"https:\/\/www.kopare-development.nl\/de\/allgemeine-geschaeftsbedingungen\/\",\"name\":\"Allgemeine gesch\u00e4ftsbedingungen - KOPARE Development\",\"isPartOf\":{\"@id\":\"https:\/\/www.kopare-development.nl\/de\/#website\"},\"datePublished\":\"2019-10-16T10:21:04+00:00\",\"dateModified\":\"2022-12-05T12:18:43+00:00\",\"breadcrumb\":{\"@id\":\"https:\/\/www.kopare-development.nl\/de\/allgemeine-geschaeftsbedingungen\/#breadcrumb\"},\"inLanguage\":\"de\",\"potentialAction\":[{\"@type\":\"ReadAction\",\"target\":[\"https:\/\/www.kopare-development.nl\/de\/allgemeine-geschaeftsbedingungen\/\"]}]},{\"@type\":\"BreadcrumbList\",\"@id\":\"https:\/\/www.kopare-development.nl\/de\/allgemeine-geschaeftsbedingungen\/#breadcrumb\",\"itemListElement\":[{\"@type\":\"ListItem\",\"position\":1,\"name\":\"Home\",\"item\":\"https:\/\/www.kopare-development.nl\/de\/\"},{\"@type\":\"ListItem\",\"position\":2,\"name\":\"Allgemeine gesch\u00e4ftsbedingungen\"}]},{\"@type\":\"WebSite\",\"@id\":\"https:\/\/www.kopare-development.nl\/de\/#website\",\"url\":\"https:\/\/www.kopare-development.nl\/de\/\",\"name\":\"KOLAX Second Homes\",\"description\":\"Specialisten in de recreatieve woningmarkt\",\"publisher\":{\"@id\":\"https:\/\/www.kopare-development.nl\/de\/#organization\"},\"potentialAction\":[{\"@type\":\"SearchAction\",\"target\":{\"@type\":\"EntryPoint\",\"urlTemplate\":\"https:\/\/www.kopare-development.nl\/de\/?s={search_term_string}\"},\"query-input\":{\"@type\":\"PropertyValueSpecification\",\"valueRequired\":true,\"valueName\":\"search_term_string\"}}],\"inLanguage\":\"de\"},{\"@type\":\"Organization\",\"@id\":\"https:\/\/www.kopare-development.nl\/de\/#organization\",\"name\":\"KOLAX Second Homes\",\"url\":\"https:\/\/www.kopare-development.nl\/de\/\",\"logo\":{\"@type\":\"ImageObject\",\"inLanguage\":\"de\",\"@id\":\"https:\/\/www.kopare-development.nl\/de\/#\/schema\/logo\/image\/\",\"url\":\"https:\/\/www.kopare-development.nl\/wp-content\/uploads\/2019\/09\/Kolax_SH_logo-1.png\",\"contentUrl\":\"https:\/\/www.kopare-development.nl\/wp-content\/uploads\/2019\/09\/Kolax_SH_logo-1.png\",\"width\":350,\"height\":146,\"caption\":\"KOLAX Second Homes\"},\"image\":{\"@id\":\"https:\/\/www.kopare-development.nl\/de\/#\/schema\/logo\/image\/\"}}]}<\/script>\n<!-- \/ Yoast SEO plugin. -->","yoast_head_json":{"title":"Allgemeine gesch\u00e4ftsbedingungen - KOPARE Development","robots":{"index":"index","follow":"follow","max-snippet":"max-snippet:-1","max-image-preview":"max-image-preview:large","max-video-preview":"max-video-preview:-1"},"canonical":"https:\/\/www.kopare-development.nl\/de\/allgemeine-geschaeftsbedingungen\/","og_locale":"de_DE","og_type":"article","og_title":"Allgemeine gesch\u00e4ftsbedingungen - KOPARE Development","og_description":"Kopare BV \u00a0 Allgemeine gesch\u00e4ftsbedingungen KOPARE \u00a0B.V. \u00a0 Artikel 1 Definitionen 1.1. Vertrag: jeder Auftragsvertrag oder jeder andere Vertrag, den wir mit einem Auftraggeber schlie\u00dfen, sowie alle sich daraus ergebenden oder damit verbundenen Vereinbarungen und\/oder Verpflichtungen;1.2. Angebot: jedes Angebot, das wir einem (potenziellen) Auftraggeber machen;1.3....","og_url":"https:\/\/www.kopare-development.nl\/de\/allgemeine-geschaeftsbedingungen\/","og_site_name":"KOPARE Development","article_modified_time":"2022-12-05T12:18:43+00:00","twitter_card":"summary_large_image","twitter_misc":{"Gesch\u00e4tzte Lesezeit":"6\u00a0Minuten"},"schema":{"@context":"https:\/\/schema.org","@graph":[{"@type":"WebPage","@id":"https:\/\/www.kopare-development.nl\/de\/allgemeine-geschaeftsbedingungen\/","url":"https:\/\/www.kopare-development.nl\/de\/allgemeine-geschaeftsbedingungen\/","name":"Allgemeine gesch\u00e4ftsbedingungen - KOPARE Development","isPartOf":{"@id":"https:\/\/www.kopare-development.nl\/de\/#website"},"datePublished":"2019-10-16T10:21:04+00:00","dateModified":"2022-12-05T12:18:43+00:00","breadcrumb":{"@id":"https:\/\/www.kopare-development.nl\/de\/allgemeine-geschaeftsbedingungen\/#breadcrumb"},"inLanguage":"de","potentialAction":[{"@type":"ReadAction","target":["https:\/\/www.kopare-development.nl\/de\/allgemeine-geschaeftsbedingungen\/"]}]},{"@type":"BreadcrumbList","@id":"https:\/\/www.kopare-development.nl\/de\/allgemeine-geschaeftsbedingungen\/#breadcrumb","itemListElement":[{"@type":"ListItem","position":1,"name":"Home","item":"https:\/\/www.kopare-development.nl\/de\/"},{"@type":"ListItem","position":2,"name":"Allgemeine gesch\u00e4ftsbedingungen"}]},{"@type":"WebSite","@id":"https:\/\/www.kopare-development.nl\/de\/#website","url":"https:\/\/www.kopare-development.nl\/de\/","name":"KOLAX Second Homes","description":"Specialisten in de recreatieve woningmarkt","publisher":{"@id":"https:\/\/www.kopare-development.nl\/de\/#organization"},"potentialAction":[{"@type":"SearchAction","target":{"@type":"EntryPoint","urlTemplate":"https:\/\/www.kopare-development.nl\/de\/?s={search_term_string}"},"query-input":{"@type":"PropertyValueSpecification","valueRequired":true,"valueName":"search_term_string"}}],"inLanguage":"de"},{"@type":"Organization","@id":"https:\/\/www.kopare-development.nl\/de\/#organization","name":"KOLAX Second Homes","url":"https:\/\/www.kopare-development.nl\/de\/","logo":{"@type":"ImageObject","inLanguage":"de","@id":"https:\/\/www.kopare-development.nl\/de\/#\/schema\/logo\/image\/","url":"https:\/\/www.kopare-development.nl\/wp-content\/uploads\/2019\/09\/Kolax_SH_logo-1.png","contentUrl":"https:\/\/www.kopare-development.nl\/wp-content\/uploads\/2019\/09\/Kolax_SH_logo-1.png","width":350,"height":146,"caption":"KOLAX Second Homes"},"image":{"@id":"https:\/\/www.kopare-development.nl\/de\/#\/schema\/logo\/image\/"}}]}},"_links":{"self":[{"href":"https:\/\/www.kopare-development.nl\/de\/wp-json\/wp\/v2\/pages\/2773","targetHints":{"allow":["GET"]}}],"collection":[{"href":"https:\/\/www.kopare-development.nl\/de\/wp-json\/wp\/v2\/pages"}],"about":[{"href":"https:\/\/www.kopare-development.nl\/de\/wp-json\/wp\/v2\/types\/page"}],"author":[{"embeddable":true,"href":"https:\/\/www.kopare-development.nl\/de\/wp-json\/wp\/v2\/users\/1"}],"replies":[{"embeddable":true,"href":"https:\/\/www.kopare-development.nl\/de\/wp-json\/wp\/v2\/comments?post=2773"}],"version-history":[{"count":2,"href":"https:\/\/www.kopare-development.nl\/de\/wp-json\/wp\/v2\/pages\/2773\/revisions"}],"predecessor-version":[{"id":2775,"href":"https:\/\/www.kopare-development.nl\/de\/wp-json\/wp\/v2\/pages\/2773\/revisions\/2775"}],"wp:attachment":[{"href":"https:\/\/www.kopare-development.nl\/de\/wp-json\/wp\/v2\/media?parent=2773"}],"curies":[{"name":"wp","href":"https:\/\/api.w.org\/{rel}","templated":true}]}}